{"id":4433,"date":"2025-07-23T17:05:30","date_gmt":"2025-07-23T15:05:30","guid":{"rendered":"https:\/\/informatoo.com\/?page_id=4433"},"modified":"2025-07-31T12:59:26","modified_gmt":"2025-07-31T10:59:26","slug":"hinweis-zur-inhaltserstellung","status":"publish","type":"page","link":"https:\/\/informatoo.com\/en\/hinweis-zur-inhaltserstellung\/","title":{"rendered":"Hinweis zur Inhalts\u00ader\u00adstellung:"},"content":{"rendered":"\n<blockquote class=\"wp-block-quote is-layout-flow wp-block-quote-is-layout-flow\">\n<h6 class=\"wp-block-heading\"><strong>Hinweis zur Inhalts\u00ader\u00adstellung:<\/strong><\/h6>\n\n\n\n<p>Dieser Beitrag wurde vom oben genannten Autor erstellt und dabei <strong>ggf. teilweise unter Einsatz von K\u00fcnst\u00adlicher Intel\u00adligenz<\/strong> (KI) generiert. Inhalte k\u00f6nnen bei Bedarf <strong>manuell \u00fcberar\u00adbeitet<\/strong> worden sein \u2013 insbe\u00adsondere bei <strong>Aktua\u00adli\u00adsie\u00adrungen aufgrund von Leser\u00adkom\u00admen\u00adtaren oder neuen Entwick\u00adlungen<\/strong>. Wir bem\u00fchen uns um gr\u00f6\u00dft\u00adm\u00f6g\u00adliche Genau\u00adigkeit und freuen uns \u00fcber konstruk\u00adtives Feedback.<\/p>\n<\/blockquote>\n","protected":false},"excerpt":{"rendered":"<p>Hinweis zur Inhalts\u00ader\u00adstellung: Dieser Beitrag wurde vom oben genannten Autor erstellt und dabei ggf. teilweise unter Einsatz von K\u00fcnst\u00adlicher Intel\u00adligenz (KI) generiert. Inhalte k\u00f6nnen bei Bedarf manuell \u00fcberar\u00adbeitet worden sein \u2013 insbe\u00adsondere bei Aktua\u00adli\u00adsie\u00adrungen aufgrund von Leser\u00adkom\u00admen\u00adtaren oder neuen Entwick\u00adlungen. Wir bem\u00fchen uns um gr\u00f6\u00dft\u00adm\u00f6g\u00adliche Genau\u00adigkeit und freuen uns \u00fcber konstruk\u00adtives Feedback.<\/p>\n","protected":false},"author":1,"featured_media":0,"parent":0,"menu_order":0,"comment_status":"closed","ping_status":"closed","template":"","meta":{"wp_typography_post_enhancements_disabled":false,"footnotes":""},"categories":[],"tags":[],"ai_version":[],"class_list":["post-4433","page","type-page","status-publish","hentry"],"blocksy_meta":[],"yoast_head":"<!-- This site is optimized with the Yoast SEO plugin v27.5 - https:\/\/yoast.com\/product\/yoast-seo-wordpress\/ -->\n<title>Hinweis zur Inhaltserstellung:<\/title>\n<meta name=\"robots\" content=\"index, follow, max-snippet:-1, max-image-preview:large, max-video-preview:-1\" \/>\n<link rel=\"canonical\" href=\"https:\/\/informatoo.com\/en\/hinweis-zur-inhaltserstellung\/\" \/>\n<meta property=\"og:locale\" content=\"en_US\" \/>\n<meta property=\"og:locale:alternate\" content=\"de_DE\" \/>\n<meta property=\"og:type\" content=\"article\" \/>\n<meta property=\"og:title\" content=\"Hinweis zur Inhaltserstellung:\" \/>\n<meta property=\"og:description\" content=\"Hinweis zur Inhalts\u00ader\u00adstellung: Dieser Beitrag wurde vom oben genannten Autor erstellt und dabei ggf. teilweise unter Einsatz von K\u00fcnst\u00adlicher Intel\u00adligenz (KI) generiert. Inhalte k\u00f6nnen bei Bedarf manuell \u00fcberar\u00adbeitet worden sein \u2013 insbe\u00adsondere bei Aktua\u00adli\u00adsie\u00adrungen aufgrund von Leser\u00adkom\u00admen\u00adtaren oder neuen Entwick\u00adlungen. Wir bem\u00fchen uns um gr\u00f6\u00dft\u00adm\u00f6g\u00adliche Genau\u00adigkeit und freuen uns \u00fcber konstruk\u00adtives Feedback.\" \/>\n<meta property=\"og:url\" content=\"https:\/\/informatoo.com\/en\/hinweis-zur-inhaltserstellung\/\" \/>\n<meta property=\"og:site_name\" content=\"informatoo.com\" \/>\n<meta property=\"article:modified_time\" content=\"2025-07-31T10:59:26+00:00\" \/>\n<meta name=\"twitter:card\" content=\"summary_large_image\" \/>\n<script type=\"application\/ld+json\" class=\"yoast-schema-graph\">{\"@context\":\"https:\\\/\\\/schema.org\",\"@graph\":[{\"@type\":\"WebPage\",\"@id\":\"https:\\\/\\\/informatoo.com\\\/hinweis-zur-inhaltserstellung\\\/\",\"url\":\"https:\\\/\\\/informatoo.com\\\/hinweis-zur-inhaltserstellung\\\/\",\"name\":\"Hinweis zur Inhaltserstellung:\",\"isPartOf\":{\"@id\":\"https:\\\/\\\/informatoo.com\\\/#website\"},\"datePublished\":\"2025-07-23T15:05:30+00:00\",\"dateModified\":\"2025-07-31T10:59:26+00:00\",\"breadcrumb\":{\"@id\":\"https:\\\/\\\/informatoo.com\\\/hinweis-zur-inhaltserstellung\\\/#breadcrumb\"},\"inLanguage\":\"en-US\",\"potentialAction\":[{\"@type\":\"ReadAction\",\"target\":[\"https:\\\/\\\/informatoo.com\\\/hinweis-zur-inhaltserstellung\\\/\"]}]},{\"@type\":\"BreadcrumbList\",\"@id\":\"https:\\\/\\\/informatoo.com\\\/hinweis-zur-inhaltserstellung\\\/#breadcrumb\",\"itemListElement\":[{\"@type\":\"ListItem\",\"position\":1,\"name\":\"Startseite\",\"item\":\"https:\\\/\\\/informatoo.com\\\/\"},{\"@type\":\"ListItem\",\"position\":2,\"name\":\"Hinweis zur Inhalts\u00ader\u00adstellung:\"}]},{\"@type\":\"WebSite\",\"@id\":\"https:\\\/\\\/informatoo.com\\\/#website\",\"url\":\"https:\\\/\\\/informatoo.com\\\/\",\"name\":\"informatoo.com\",\"description\":\"\",\"publisher\":{\"@id\":\"https:\\\/\\\/informatoo.com\\\/#organization\"},\"potentialAction\":[{\"@type\":\"SearchAction\",\"target\":{\"@type\":\"EntryPoint\",\"urlTemplate\":\"https:\\\/\\\/informatoo.com\\\/?s={search_term_string}\"},\"query-input\":{\"@type\":\"PropertyValueSpecification\",\"valueRequired\":true,\"valueName\":\"search_term_string\"}}],\"inLanguage\":\"en-US\"},{\"@type\":\"Organization\",\"@id\":\"https:\\\/\\\/informatoo.com\\\/#organization\",\"name\":\"informatoo.com\",\"url\":\"https:\\\/\\\/informatoo.com\\\/\",\"logo\":{\"@type\":\"ImageObject\",\"inLanguage\":\"en-US\",\"@id\":\"https:\\\/\\\/informatoo.com\\\/#\\\/schema\\\/logo\\\/image\\\/\",\"url\":\"https:\\\/\\\/informatoo.com\\\/wp-content\\\/uploads\\\/2024\\\/10\\\/logo.png\",\"contentUrl\":\"https:\\\/\\\/informatoo.com\\\/wp-content\\\/uploads\\\/2024\\\/10\\\/logo.png\",\"width\":32,\"height\":59,\"caption\":\"informatoo.com\"},\"image\":{\"@id\":\"https:\\\/\\\/informatoo.com\\\/#\\\/schema\\\/logo\\\/image\\\/\"}}]}<\/script>\n<!-- \/ Yoast SEO plugin. -->","yoast_head_json":{"title":"Hinweis zur Inhaltserstellung:","robots":{"index":"index","follow":"follow","max-snippet":"max-snippet:-1","max-image-preview":"max-image-preview:large","max-video-preview":"max-video-preview:-1"},"canonical":"https:\/\/informatoo.com\/en\/hinweis-zur-inhaltserstellung\/","og_locale":"en_US","og_type":"article","og_title":"[:de]Hinweis zur Inhaltserstellung:[:] - informatoo.com","og_description":"Hinweis zur Inhalts\u00ader\u00adstellung: Dieser Beitrag wurde vom oben genannten Autor erstellt und dabei ggf. teilweise unter Einsatz von K\u00fcnst\u00adlicher Intel\u00adligenz (KI) generiert. Inhalte k\u00f6nnen bei Bedarf manuell \u00fcberar\u00adbeitet worden sein \u2013 insbe\u00adsondere bei Aktua\u00adli\u00adsie\u00adrungen aufgrund von Leser\u00adkom\u00admen\u00adtaren oder neuen Entwick\u00adlungen. Wir bem\u00fchen uns um gr\u00f6\u00dft\u00adm\u00f6g\u00adliche Genau\u00adigkeit und freuen uns \u00fcber konstruk\u00adtives Feedback.","og_url":"https:\/\/informatoo.com\/en\/hinweis-zur-inhaltserstellung\/","og_site_name":"informatoo.com","article_modified_time":"2025-07-31T10:59:26+00:00","twitter_card":"summary_large_image","schema":{"@context":"https:\/\/schema.org","@graph":[{"@type":"WebPage","@id":"https:\/\/informatoo.com\/hinweis-zur-inhaltserstellung\/","url":"https:\/\/informatoo.com\/hinweis-zur-inhaltserstellung\/","name":"Hinweis zur Inhaltserstellung:","isPartOf":{"@id":"https:\/\/informatoo.com\/#website"},"datePublished":"2025-07-23T15:05:30+00:00","dateModified":"2025-07-31T10:59:26+00:00","breadcrumb":{"@id":"https:\/\/informatoo.com\/hinweis-zur-inhaltserstellung\/#breadcrumb"},"inLanguage":"en-US","potentialAction":[{"@type":"ReadAction","target":["https:\/\/informatoo.com\/hinweis-zur-inhaltserstellung\/"]}]},{"@type":"BreadcrumbList","@id":"https:\/\/informatoo.com\/hinweis-zur-inhaltserstellung\/#breadcrumb","itemListElement":[{"@type":"ListItem","position":1,"name":"Startseite","item":"https:\/\/informatoo.com\/"},{"@type":"ListItem","position":2,"name":"Hinweis zur Inhalts\u00ader\u00adstellung:"}]},{"@type":"WebSite","@id":"https:\/\/informatoo.com\/#website","url":"https:\/\/informatoo.com\/","name":"informatoo.com","description":"","publisher":{"@id":"https:\/\/informatoo.com\/#organization"},"potentialAction":[{"@type":"SearchAction","target":{"@type":"EntryPoint","urlTemplate":"https:\/\/informatoo.com\/?s={search_term_string}"},"query-input":{"@type":"PropertyValueSpecification","valueRequired":true,"valueName":"search_term_string"}}],"inLanguage":"en-US"},{"@type":"Organization","@id":"https:\/\/informatoo.com\/#organization","name":"informatoo.com","url":"https:\/\/informatoo.com\/","logo":{"@type":"ImageObject","inLanguage":"en-US","@id":"https:\/\/informatoo.com\/#\/schema\/logo\/image\/","url":"https:\/\/informatoo.com\/wp-content\/uploads\/2024\/10\/logo.png","contentUrl":"https:\/\/informatoo.com\/wp-content\/uploads\/2024\/10\/logo.png","width":32,"height":59,"caption":"informatoo.com"},"image":{"@id":"https:\/\/informatoo.com\/#\/schema\/logo\/image\/"}}]}},"_links":{"self":[{"href":"https:\/\/informatoo.com\/en\/wp-json\/wp\/v2\/pages\/4433","targetHints":{"allow":["GET"]}}],"collection":[{"href":"https:\/\/informatoo.com\/en\/wp-json\/wp\/v2\/pages"}],"about":[{"href":"https:\/\/informatoo.com\/en\/wp-json\/wp\/v2\/types\/page"}],"author":[{"embeddable":true,"href":"https:\/\/informatoo.com\/en\/wp-json\/wp\/v2\/users\/1"}],"replies":[{"embeddable":true,"href":"https:\/\/informatoo.com\/en\/wp-json\/wp\/v2\/comments?post=4433"}],"version-history":[{"count":3,"href":"https:\/\/informatoo.com\/en\/wp-json\/wp\/v2\/pages\/4433\/revisions"}],"predecessor-version":[{"id":4475,"href":"https:\/\/informatoo.com\/en\/wp-json\/wp\/v2\/pages\/4433\/revisions\/4475"}],"wp:attachment":[{"href":"https:\/\/informatoo.com\/en\/wp-json\/wp\/v2\/media?parent=4433"}],"wp:term":[{"taxonomy":"category","embeddable":true,"href":"https:\/\/informatoo.com\/en\/wp-json\/wp\/v2\/categories?post=4433"},{"taxonomy":"post_tag","embeddable":true,"href":"https:\/\/informatoo.com\/en\/wp-json\/wp\/v2\/tags?post=4433"},{"taxonomy":"ai_version","embeddable":true,"href":"https:\/\/informatoo.com\/en\/wp-json\/wp\/v2\/ai_version?post=4433"}],"curies":[{"name":"wp","href":"https:\/\/api.w.org\/{rel}","templated":true}]}}