{"id":2260,"date":"2025-01-08T11:01:27","date_gmt":"2025-01-08T10:01:27","guid":{"rendered":"https:\/\/informatoo.com\/?page_id=2260"},"modified":"2025-01-29T09:58:25","modified_gmt":"2025-01-29T08:58:25","slug":"registriert","status":"publish","type":"page","link":"https:\/\/informatoo.com\/en\/registriert\/","title":{"rendered":"Danke f\u00fcr deine Eintragung"},"content":{"rendered":"\n<h2 class=\"wp-block-heading\">Das hat geklappt<\/h2>\n\n\n\n<p>Deine Kontakt\u00addaten wurden in unserer Datenbank gespei\u00adchert.<\/p>\n\n\n\n<h2 class=\"wp-block-heading\">Achtung<\/h2>\n\n\n\n<p>Es wurde gerade eine E\u2011Mail an dich versandt, die du noch <strong>best\u00e4\u00adtigen<\/strong> musst, damit wir dich gem\u00e4\u00df Daten\u00adschutz\u00adgrund\u00adver\u00adordnung (DSGVO) anschreiben d\u00fcrfen, falls dein Wohnsitz innerhalb der EU liegt.<\/p>\n\n\n\n<p>Es w\u00e4re aber in jedem Fall gut, wenn du die E\u2011Mail best\u00e4\u00adtigst, damit wir sehen k\u00f6nnen, ob sie dich auch wirklich erreicht hat oder vielleicht im Spam-Ordner gelandet ist.<\/p>\n\n\n\n<p>Falls letzteres der Fall war, nimm bitte unsere Absen\u00adder\u00adadresse der E\u2011Mail in das Adressbuch deines E\u2011Mail-Programms auf. Damit wird die Wahrschein\u00adlichkeit gr\u00f6\u00dfer, dass die n\u00e4chste E\u2011Mail dich auch wirklich erreicht.<\/p>\n","protected":false},"excerpt":{"rendered":"<p>Das hat geklappt Deine Kontakt\u00addaten wurden in unserer Datenbank gespei\u00adchert. Achtung Es wurde gerade eine E\u2011Mail an dich versandt, die du noch best\u00e4\u00adtigen musst, damit wir dich gem\u00e4\u00df Daten\u00adschutz\u00adgrund\u00adver\u00adordnung (DSGVO) anschreiben d\u00fcrfen, falls dein Wohnsitz innerhalb der EU liegt. Es w\u00e4re aber in jedem Fall gut, wenn du die E\u2011Mail best\u00e4\u00adtigst, damit wir sehen k\u00f6nnen, [\u2026]<\/p>\n","protected":false},"author":1,"featured_media":2210,"parent":0,"menu_order":0,"comment_status":"closed","ping_status":"closed","template":"","meta":{"wp_typography_post_enhancements_disabled":false,"footnotes":""},"categories":[],"tags":[],"ai_version":[],"class_list":["post-2260","page","type-page","status-publish","has-post-thumbnail","hentry"],"blocksy_meta":[],"yoast_head":"<!-- This site is optimized with the Yoast SEO plugin v27.4 - https:\/\/yoast.com\/product\/yoast-seo-wordpress\/ -->\n<title>Danke f\u00fcr deine Eintragung<\/title>\n<meta name=\"robots\" content=\"index, follow, max-snippet:-1, max-image-preview:large, max-video-preview:-1\" \/>\n<link rel=\"canonical\" href=\"https:\/\/informatoo.com\/en\/registriert\/\" \/>\n<meta property=\"og:locale\" content=\"en_US\" \/>\n<meta property=\"og:locale:alternate\" content=\"de_DE\" \/>\n<meta property=\"og:type\" content=\"article\" \/>\n<meta property=\"og:title\" content=\"Danke f\u00fcr deine Eintragung\" \/>\n<meta property=\"og:description\" content=\"Das hat geklappt Deine Kontakt\u00addaten wurden in unserer Datenbank gespei\u00adchert. Achtung Es wurde gerade eine E\u2011Mail an dich versandt, die du noch best\u00e4\u00adtigen musst, damit wir dich gem\u00e4\u00df Daten\u00adschutz\u00adgrund\u00adver\u00adordnung (DSGVO) anschreiben d\u00fcrfen, falls dein Wohnsitz innerhalb der EU liegt. Es w\u00e4re aber in jedem Fall gut, wenn du die E\u2011Mail best\u00e4\u00adtigst, damit wir sehen k\u00f6nnen, [&hellip;]\" \/>\n<meta property=\"og:url\" content=\"https:\/\/informatoo.com\/en\/registriert\/\" \/>\n<meta property=\"og:site_name\" content=\"informatoo.com\" \/>\n<meta property=\"article:modified_time\" content=\"2025-01-29T08:58:25+00:00\" \/>\n<meta property=\"og:image\" content=\"https:\/\/informatoo.com\/wp-content\/uploads\/2024\/12\/BILD2850-scaled.jpg\" \/>\n\t<meta property=\"og:image:width\" content=\"2560\" \/>\n\t<meta property=\"og:image:height\" content=\"1920\" \/>\n\t<meta property=\"og:image:type\" content=\"image\/jpeg\" \/>\n<meta name=\"twitter:card\" content=\"summary_large_image\" \/>\n<meta name=\"twitter:label1\" content=\"Est. reading time\" \/>\n\t<meta name=\"twitter:data1\" content=\"1 minute\" \/>\n<script type=\"application\/ld+json\" class=\"yoast-schema-graph\">{\"@context\":\"https:\\\/\\\/schema.org\",\"@graph\":[{\"@type\":\"WebPage\",\"@id\":\"https:\\\/\\\/informatoo.com\\\/registriert\\\/\",\"url\":\"https:\\\/\\\/informatoo.com\\\/registriert\\\/\",\"name\":\"Danke f\u00fcr deine Eintragung\",\"isPartOf\":{\"@id\":\"https:\\\/\\\/informatoo.com\\\/#website\"},\"primaryImageOfPage\":{\"@id\":\"https:\\\/\\\/informatoo.com\\\/registriert\\\/#primaryimage\"},\"image\":{\"@id\":\"https:\\\/\\\/informatoo.com\\\/registriert\\\/#primaryimage\"},\"thumbnailUrl\":\"https:\\\/\\\/informatoo.com\\\/wp-content\\\/uploads\\\/2024\\\/12\\\/BILD2850-scaled.jpg\",\"datePublished\":\"2025-01-08T10:01:27+00:00\",\"dateModified\":\"2025-01-29T08:58:25+00:00\",\"breadcrumb\":{\"@id\":\"https:\\\/\\\/informatoo.com\\\/registriert\\\/#breadcrumb\"},\"inLanguage\":\"en-US\",\"potentialAction\":[{\"@type\":\"ReadAction\",\"target\":[\"https:\\\/\\\/informatoo.com\\\/registriert\\\/\"]}]},{\"@type\":\"ImageObject\",\"inLanguage\":\"en-US\",\"@id\":\"https:\\\/\\\/informatoo.com\\\/registriert\\\/#primaryimage\",\"url\":\"https:\\\/\\\/informatoo.com\\\/wp-content\\\/uploads\\\/2024\\\/12\\\/BILD2850-scaled.jpg\",\"contentUrl\":\"https:\\\/\\\/informatoo.com\\\/wp-content\\\/uploads\\\/2024\\\/12\\\/BILD2850-scaled.jpg\",\"width\":2560,\"height\":1920,\"caption\":\"DIGITAL CAMERA\"},{\"@type\":\"BreadcrumbList\",\"@id\":\"https:\\\/\\\/informatoo.com\\\/registriert\\\/#breadcrumb\",\"itemListElement\":[{\"@type\":\"ListItem\",\"position\":1,\"name\":\"Startseite\",\"item\":\"https:\\\/\\\/informatoo.com\\\/\"},{\"@type\":\"ListItem\",\"position\":2,\"name\":\"Danke f\u00fcr deine Eintragung\"}]},{\"@type\":\"WebSite\",\"@id\":\"https:\\\/\\\/informatoo.com\\\/#website\",\"url\":\"https:\\\/\\\/informatoo.com\\\/\",\"name\":\"informatoo.com\",\"description\":\"\",\"publisher\":{\"@id\":\"https:\\\/\\\/informatoo.com\\\/#organization\"},\"potentialAction\":[{\"@type\":\"SearchAction\",\"target\":{\"@type\":\"EntryPoint\",\"urlTemplate\":\"https:\\\/\\\/informatoo.com\\\/?s={search_term_string}\"},\"query-input\":{\"@type\":\"PropertyValueSpecification\",\"valueRequired\":true,\"valueName\":\"search_term_string\"}}],\"inLanguage\":\"en-US\"},{\"@type\":\"Organization\",\"@id\":\"https:\\\/\\\/informatoo.com\\\/#organization\",\"name\":\"informatoo.com\",\"url\":\"https:\\\/\\\/informatoo.com\\\/\",\"logo\":{\"@type\":\"ImageObject\",\"inLanguage\":\"en-US\",\"@id\":\"https:\\\/\\\/informatoo.com\\\/#\\\/schema\\\/logo\\\/image\\\/\",\"url\":\"https:\\\/\\\/informatoo.com\\\/wp-content\\\/uploads\\\/2024\\\/10\\\/logo.png\",\"contentUrl\":\"https:\\\/\\\/informatoo.com\\\/wp-content\\\/uploads\\\/2024\\\/10\\\/logo.png\",\"width\":32,\"height\":59,\"caption\":\"informatoo.com\"},\"image\":{\"@id\":\"https:\\\/\\\/informatoo.com\\\/#\\\/schema\\\/logo\\\/image\\\/\"}}]}<\/script>\n<!-- \/ Yoast SEO plugin. -->","yoast_head_json":{"title":"Danke f\u00fcr deine Eintragung","robots":{"index":"index","follow":"follow","max-snippet":"max-snippet:-1","max-image-preview":"max-image-preview:large","max-video-preview":"max-video-preview:-1"},"canonical":"https:\/\/informatoo.com\/en\/registriert\/","og_locale":"en_US","og_type":"article","og_title":"[:de]Danke f\u00fcr deine Eintragung[:] - informatoo.com","og_description":"Das hat geklappt Deine Kontakt\u00addaten wurden in unserer Datenbank gespei\u00adchert. Achtung Es wurde gerade eine E\u2011Mail an dich versandt, die du noch best\u00e4\u00adtigen musst, damit wir dich gem\u00e4\u00df Daten\u00adschutz\u00adgrund\u00adver\u00adordnung (DSGVO) anschreiben d\u00fcrfen, falls dein Wohnsitz innerhalb der EU liegt. Es w\u00e4re aber in jedem Fall gut, wenn du die E\u2011Mail best\u00e4\u00adtigst, damit wir sehen k\u00f6nnen, [&hellip;]","og_url":"https:\/\/informatoo.com\/en\/registriert\/","og_site_name":"informatoo.com","article_modified_time":"2025-01-29T08:58:25+00:00","og_image":[{"width":2560,"height":1920,"url":"https:\/\/informatoo.com\/wp-content\/uploads\/2024\/12\/BILD2850-scaled.jpg","type":"image\/jpeg"}],"twitter_card":"summary_large_image","twitter_misc":{"Est. reading time":"1 minute"},"schema":{"@context":"https:\/\/schema.org","@graph":[{"@type":"WebPage","@id":"https:\/\/informatoo.com\/registriert\/","url":"https:\/\/informatoo.com\/registriert\/","name":"Danke f\u00fcr deine Eintragung","isPartOf":{"@id":"https:\/\/informatoo.com\/#website"},"primaryImageOfPage":{"@id":"https:\/\/informatoo.com\/registriert\/#primaryimage"},"image":{"@id":"https:\/\/informatoo.com\/registriert\/#primaryimage"},"thumbnailUrl":"https:\/\/informatoo.com\/wp-content\/uploads\/2024\/12\/BILD2850-scaled.jpg","datePublished":"2025-01-08T10:01:27+00:00","dateModified":"2025-01-29T08:58:25+00:00","breadcrumb":{"@id":"https:\/\/informatoo.com\/registriert\/#breadcrumb"},"inLanguage":"en-US","potentialAction":[{"@type":"ReadAction","target":["https:\/\/informatoo.com\/registriert\/"]}]},{"@type":"ImageObject","inLanguage":"en-US","@id":"https:\/\/informatoo.com\/registriert\/#primaryimage","url":"https:\/\/informatoo.com\/wp-content\/uploads\/2024\/12\/BILD2850-scaled.jpg","contentUrl":"https:\/\/informatoo.com\/wp-content\/uploads\/2024\/12\/BILD2850-scaled.jpg","width":2560,"height":1920,"caption":"DIGITAL CAMERA"},{"@type":"BreadcrumbList","@id":"https:\/\/informatoo.com\/registriert\/#breadcrumb","itemListElement":[{"@type":"ListItem","position":1,"name":"Startseite","item":"https:\/\/informatoo.com\/"},{"@type":"ListItem","position":2,"name":"Danke f\u00fcr deine Eintragung"}]},{"@type":"WebSite","@id":"https:\/\/informatoo.com\/#website","url":"https:\/\/informatoo.com\/","name":"informatoo.com","description":"","publisher":{"@id":"https:\/\/informatoo.com\/#organization"},"potentialAction":[{"@type":"SearchAction","target":{"@type":"EntryPoint","urlTemplate":"https:\/\/informatoo.com\/?s={search_term_string}"},"query-input":{"@type":"PropertyValueSpecification","valueRequired":true,"valueName":"search_term_string"}}],"inLanguage":"en-US"},{"@type":"Organization","@id":"https:\/\/informatoo.com\/#organization","name":"informatoo.com","url":"https:\/\/informatoo.com\/","logo":{"@type":"ImageObject","inLanguage":"en-US","@id":"https:\/\/informatoo.com\/#\/schema\/logo\/image\/","url":"https:\/\/informatoo.com\/wp-content\/uploads\/2024\/10\/logo.png","contentUrl":"https:\/\/informatoo.com\/wp-content\/uploads\/2024\/10\/logo.png","width":32,"height":59,"caption":"informatoo.com"},"image":{"@id":"https:\/\/informatoo.com\/#\/schema\/logo\/image\/"}}]}},"_links":{"self":[{"href":"https:\/\/informatoo.com\/en\/wp-json\/wp\/v2\/pages\/2260","targetHints":{"allow":["GET"]}}],"collection":[{"href":"https:\/\/informatoo.com\/en\/wp-json\/wp\/v2\/pages"}],"about":[{"href":"https:\/\/informatoo.com\/en\/wp-json\/wp\/v2\/types\/page"}],"author":[{"embeddable":true,"href":"https:\/\/informatoo.com\/en\/wp-json\/wp\/v2\/users\/1"}],"replies":[{"embeddable":true,"href":"https:\/\/informatoo.com\/en\/wp-json\/wp\/v2\/comments?post=2260"}],"version-history":[{"count":3,"href":"https:\/\/informatoo.com\/en\/wp-json\/wp\/v2\/pages\/2260\/revisions"}],"predecessor-version":[{"id":2300,"href":"https:\/\/informatoo.com\/en\/wp-json\/wp\/v2\/pages\/2260\/revisions\/2300"}],"wp:featuredmedia":[{"embeddable":true,"href":"https:\/\/informatoo.com\/en\/wp-json\/wp\/v2\/media\/2210"}],"wp:attachment":[{"href":"https:\/\/informatoo.com\/en\/wp-json\/wp\/v2\/media?parent=2260"}],"wp:term":[{"taxonomy":"category","embeddable":true,"href":"https:\/\/informatoo.com\/en\/wp-json\/wp\/v2\/categories?post=2260"},{"taxonomy":"post_tag","embeddable":true,"href":"https:\/\/informatoo.com\/en\/wp-json\/wp\/v2\/tags?post=2260"},{"taxonomy":"ai_version","embeddable":true,"href":"https:\/\/informatoo.com\/en\/wp-json\/wp\/v2\/ai_version?post=2260"}],"curies":[{"name":"wp","href":"https:\/\/api.w.org\/{rel}","templated":true}]}}